{"id":51,"date":"2020-09-17T17:02:14","date_gmt":"2020-09-17T20:02:14","guid":{"rendered":"https:\/\/plicplac.com\/demo\/paris\/?post_type=product&#038;p=51"},"modified":"2020-10-02T13:36:36","modified_gmt":"2020-10-02T16:36:36","slug":"nome-do-produto_002","status":"publish","type":"product","link":"https:\/\/plicplac.com\/demo\/paris\/produto\/nome-do-produto_002\/","title":{"rendered":"Nome do Produto"},"content":{"rendered":"<p>aqui voc\u00ea pode adicionar uma descri\u00e7\u00e3o completa e mais detalhada do seu produto<\/p>\n","protected":false},"excerpt":{"rendered":"<p>aqui entra uma descri\u00e7\u00e3o resumida do seu produto<br \/>\nmais abaixo tem um campo onde poder\u00e1 colocar uma descri\u00e7\u00e3o mais detalhada dele<\/p>\n","protected":false},"featured_media":52,"comment_status":"open","ping_status":"closed","template":"","meta":[],"product_brand":[],"product_cat":[17],"product_tag":[],"class_list":{"0":"post-51","1":"product","2":"type-product","3":"status-publish","4":"has-post-thumbnail","6":"product_cat-categoria-produto-dois","8":"first","9":"instock","10":"shipping-taxable","11":"purchasable","12":"product-type-simple"},"_links":{"self":[{"href":"https:\/\/plicplac.com\/demo\/paris\/wp-json\/wp\/v2\/product\/51","targetHints":{"allow":["GET"]}}],"collection":[{"href":"https:\/\/plicplac.com\/demo\/paris\/wp-json\/wp\/v2\/product"}],"about":[{"href":"https:\/\/plicplac.com\/demo\/paris\/wp-json\/wp\/v2\/types\/product"}],"replies":[{"embeddable":true,"href":"https:\/\/plicplac.com\/demo\/paris\/wp-json\/wp\/v2\/comments?post=51"}],"wp:featuredmedia":[{"embeddable":true,"href":"https:\/\/plicplac.com\/demo\/paris\/wp-json\/wp\/v2\/media\/52"}],"wp:attachment":[{"href":"https:\/\/plicplac.com\/demo\/paris\/wp-json\/wp\/v2\/media?parent=51"}],"wp:term":[{"taxonomy":"product_brand","embeddable":true,"href":"https:\/\/plicplac.com\/demo\/paris\/wp-json\/wp\/v2\/product_brand?post=51"},{"taxonomy":"product_cat","embeddable":true,"href":"https:\/\/plicplac.com\/demo\/paris\/wp-json\/wp\/v2\/product_cat?post=51"},{"taxonomy":"product_tag","embeddable":true,"href":"https:\/\/plicplac.com\/demo\/paris\/wp-json\/wp\/v2\/product_tag?post=51"}],"curies":[{"name":"wp","href":"https:\/\/api.w.org\/{rel}","templated":true}]}}