{"id":66,"date":"2020-09-17T17:09:01","date_gmt":"2020-09-17T20:09:01","guid":{"rendered":"https:\/\/plicplac.com\/demo\/paris\/?post_type=product&#038;p=66"},"modified":"2023-01-13T14:59:16","modified_gmt":"2023-01-13T17:59:16","slug":"nome-do-produto_006","status":"publish","type":"product","link":"https:\/\/plicplac.com\/demo\/paris\/produto\/nome-do-produto_006\/","title":{"rendered":"Nome do Produto"},"content":{"rendered":"<p>aqui voc\u00ea pode adicionar uma descri\u00e7\u00e3o completa e mais detalhada do seu produto<\/p>\n","protected":false},"excerpt":{"rendered":"<p>aqui entra uma descri\u00e7\u00e3o resumida do seu produto<br \/>\nmais abaixo tem um campo onde poder\u00e1 colocar uma descri\u00e7\u00e3o mais detalhada dele<\/p>\n","protected":false},"featured_media":67,"comment_status":"open","ping_status":"closed","template":"","meta":[],"product_brand":[],"product_cat":[20,17,19,18,21],"product_tag":[],"class_list":{"0":"post-66","1":"product","2":"type-product","3":"status-publish","4":"has-post-thumbnail","6":"product_cat-categoria-produto-cinco","7":"product_cat-categoria-produto-dois","8":"product_cat-categoria-produto-quatro","9":"product_cat-categoria-produto-tres","10":"product_cat-exemplo-subcategoria-um","12":"first","13":"instock","14":"shipping-taxable","15":"purchasable","16":"product-type-variable","17":"has-default-attributes"},"_links":{"self":[{"href":"https:\/\/plicplac.com\/demo\/paris\/wp-json\/wp\/v2\/product\/66","targetHints":{"allow":["GET"]}}],"collection":[{"href":"https:\/\/plicplac.com\/demo\/paris\/wp-json\/wp\/v2\/product"}],"about":[{"href":"https:\/\/plicplac.com\/demo\/paris\/wp-json\/wp\/v2\/types\/product"}],"replies":[{"embeddable":true,"href":"https:\/\/plicplac.com\/demo\/paris\/wp-json\/wp\/v2\/comments?post=66"}],"wp:featuredmedia":[{"embeddable":true,"href":"https:\/\/plicplac.com\/demo\/paris\/wp-json\/wp\/v2\/media\/67"}],"wp:attachment":[{"href":"https:\/\/plicplac.com\/demo\/paris\/wp-json\/wp\/v2\/media?parent=66"}],"wp:term":[{"taxonomy":"product_brand","embeddable":true,"href":"https:\/\/plicplac.com\/demo\/paris\/wp-json\/wp\/v2\/product_brand?post=66"},{"taxonomy":"product_cat","embeddable":true,"href":"https:\/\/plicplac.com\/demo\/paris\/wp-json\/wp\/v2\/product_cat?post=66"},{"taxonomy":"product_tag","embeddable":true,"href":"https:\/\/plicplac.com\/demo\/paris\/wp-json\/wp\/v2\/product_tag?post=66"}],"curies":[{"name":"wp","href":"https:\/\/api.w.org\/{rel}","templated":true}]}}