{"id":159,"date":"2019-12-29T17:31:40","date_gmt":"2019-12-29T20:31:40","guid":{"rendered":"https:\/\/https:\/\/plicplac.com\/minimizando\/\/?page_id=159"},"modified":"2023-07-27T17:06:32","modified_gmt":"2023-07-27T20:06:32","slug":"frases","status":"publish","type":"page","link":"https:\/\/plicplac.com\/minimizando\/frases\/","title":{"rendered":"Frases para Compartilhar"},"content":{"rendered":"\n<p class=\"has-text-align-center\">Seguem algumas imagens com frases para voc\u00ea compartilhar em suas redes sociais <em>(n\u00e3o esque\u00e7a de marcar o <a href=\"https:\/\/www.instagram.com\/euminimizo\/\" target=\"_blank\" rel=\"noreferrer noopener\">@euminimizo<\/a><\/em>).<br>S\u00f3 passar o mouse na imagem desejada e selecionar a op\u00e7\u00e3o de <em>salvar como<\/em>.<\/p>\n\n\n\n<figure class=\"wp-block-gallery has-nested-images columns-2 wp-block-gallery-1 is-layout-flex\">\n<figure class=\"wp-block-image size-large\"><a href=\"https:\/\/plicplac.com\/minimizando\/menos-e-mais\/vamos-minimizar\/attachment\/frase_001\/\"><img decoding=\"async\" loading=\"lazy\" width=\"800\" height=\"800\" data-id=\"426\"  src=\"https:\/\/plicplac.com\/minimizando\/wp-content\/uploads\/2023\/07\/frase_001-800x800.jpg\" alt=\"\" class=\"wp-image-426\" srcset=\"https:\/\/plicplac.com\/minimizando\/wp-content\/uploads\/2023\/07\/frase_001-800x800.jpg 800w, https:\/\/plicplac.com\/minimizando\/wp-content\/uploads\/2023\/07\/frase_001-768x768.jpg 768w, https:\/\/plicplac.com\/minimizando\/wp-content\/uploads\/2023\/07\/frase_001-120x120.jpg 120w, https:\/\/plicplac.com\/minimizando\/wp-content\/uploads\/2023\/07\/frase_001.jpg 1200w\" sizes=\"(max-width: 800px) 100vw, 800px\" \/><\/a><\/figure>\n\n\n\n<figure class=\"wp-block-image size-large\"><a href=\"https:\/\/plicplac.com\/minimizando\/frases\/attachment\/frase_002\/\"><img decoding=\"async\" loading=\"lazy\" width=\"800\" height=\"800\" data-id=\"163\"  src=\"https:\/\/plicplac.com\/minimizando\/wp-content\/uploads\/2019\/12\/frase_002-800x800.jpg\" alt=\"\" class=\"wp-image-163\" srcset=\"https:\/\/plicplac.com\/minimizando\/wp-content\/uploads\/2019\/12\/frase_002-800x800.jpg 800w, https:\/\/plicplac.com\/minimizando\/wp-content\/uploads\/2019\/12\/frase_002-768x768.jpg 768w, https:\/\/plicplac.com\/minimizando\/wp-content\/uploads\/2019\/12\/frase_002.jpg 1200w\" sizes=\"(max-width: 800px) 100vw, 800px\" \/><\/a><\/figure>\n\n\n\n<figure class=\"wp-block-image size-large\"><a href=\"https:\/\/plicplac.com\/minimizando\/frases\/attachment\/frase_003\/\"><img decoding=\"async\" loading=\"lazy\" width=\"800\" height=\"800\" data-id=\"164\"  src=\"https:\/\/plicplac.com\/minimizando\/wp-content\/uploads\/2019\/12\/frase_003-800x800.jpg\" alt=\"\" class=\"wp-image-164\" srcset=\"https:\/\/plicplac.com\/minimizando\/wp-content\/uploads\/2019\/12\/frase_003-800x800.jpg 800w, https:\/\/plicplac.com\/minimizando\/wp-content\/uploads\/2019\/12\/frase_003-768x768.jpg 768w, https:\/\/plicplac.com\/minimizando\/wp-content\/uploads\/2019\/12\/frase_003.jpg 1200w\" sizes=\"(max-width: 800px) 100vw, 800px\" \/><\/a><\/figure>\n\n\n\n<figure class=\"wp-block-image size-large\"><a href=\"https:\/\/plicplac.com\/minimizando\/frases\/attachment\/frase_004\/\"><img decoding=\"async\" loading=\"lazy\" width=\"800\" height=\"800\" data-id=\"165\"  src=\"https:\/\/plicplac.com\/minimizando\/wp-content\/uploads\/2019\/12\/frase_004-800x800.jpg\" alt=\"\" class=\"wp-image-165\" srcset=\"https:\/\/plicplac.com\/minimizando\/wp-content\/uploads\/2019\/12\/frase_004-800x800.jpg 800w, https:\/\/plicplac.com\/minimizando\/wp-content\/uploads\/2019\/12\/frase_004-768x768.jpg 768w, https:\/\/plicplac.com\/minimizando\/wp-content\/uploads\/2019\/12\/frase_004.jpg 1200w\" sizes=\"(max-width: 800px) 100vw, 800px\" \/><\/a><\/figure>\n\n\n\n<figure class=\"wp-block-image size-large\"><a href=\"https:\/\/plicplac.com\/minimizando\/frases\/attachment\/frase_005\/\"><img decoding=\"async\" loading=\"lazy\" width=\"800\" height=\"800\" data-id=\"166\"  src=\"https:\/\/plicplac.com\/minimizando\/wp-content\/uploads\/2019\/12\/frase_005-800x800.jpg\" alt=\"\" class=\"wp-image-166\" srcset=\"https:\/\/plicplac.com\/minimizando\/wp-content\/uploads\/2019\/12\/frase_005-800x800.jpg 800w, https:\/\/plicplac.com\/minimizando\/wp-content\/uploads\/2019\/12\/frase_005-768x768.jpg 768w, https:\/\/plicplac.com\/minimizando\/wp-content\/uploads\/2019\/12\/frase_005.jpg 1200w\" sizes=\"(max-width: 800px) 100vw, 800px\" \/><\/a><\/figure>\n\n\n\n<figure class=\"wp-block-image size-large\"><a href=\"https:\/\/plicplac.com\/minimizando\/frases\/attachment\/frase_006\/\"><img decoding=\"async\" loading=\"lazy\" width=\"800\" height=\"800\" data-id=\"167\"  src=\"https:\/\/plicplac.com\/minimizando\/wp-content\/uploads\/2019\/12\/frase_006-800x800.jpg\" alt=\"\" class=\"wp-image-167\" srcset=\"https:\/\/plicplac.com\/minimizando\/wp-content\/uploads\/2019\/12\/frase_006-800x800.jpg 800w, https:\/\/plicplac.com\/minimizando\/wp-content\/uploads\/2019\/12\/frase_006-768x768.jpg 768w, https:\/\/plicplac.com\/minimizando\/wp-content\/uploads\/2019\/12\/frase_006.jpg 1200w\" sizes=\"(max-width: 800px) 100vw, 800px\" \/><\/a><\/figure>\n\n\n\n<figure class=\"wp-block-image size-large\"><a href=\"https:\/\/plicplac.com\/minimizando\/frases\/attachment\/frase_007\/\"><img decoding=\"async\" loading=\"lazy\" width=\"800\" height=\"800\" data-id=\"168\"  src=\"https:\/\/plicplac.com\/minimizando\/wp-content\/uploads\/2019\/12\/frase_007-800x800.jpg\" alt=\"\" class=\"wp-image-168\" srcset=\"https:\/\/plicplac.com\/minimizando\/wp-content\/uploads\/2019\/12\/frase_007-800x800.jpg 800w, https:\/\/plicplac.com\/minimizando\/wp-content\/uploads\/2019\/12\/frase_007-768x768.jpg 768w, https:\/\/plicplac.com\/minimizando\/wp-content\/uploads\/2019\/12\/frase_007.jpg 1200w\" sizes=\"(max-width: 800px) 100vw, 800px\" \/><\/a><\/figure>\n\n\n\n<figure class=\"wp-block-image size-large\"><a href=\"https:\/\/plicplac.com\/minimizando\/frases\/attachment\/frase_008\/\"><img decoding=\"async\" loading=\"lazy\" width=\"800\" height=\"800\" data-id=\"173\"  src=\"https:\/\/plicplac.com\/minimizando\/wp-content\/uploads\/2019\/12\/frase_008-800x800.jpg\" alt=\"\" class=\"wp-image-173\" srcset=\"https:\/\/plicplac.com\/minimizando\/wp-content\/uploads\/2019\/12\/frase_008-800x800.jpg 800w, https:\/\/plicplac.com\/minimizando\/wp-content\/uploads\/2019\/12\/frase_008-768x768.jpg 768w, https:\/\/plicplac.com\/minimizando\/wp-content\/uploads\/2019\/12\/frase_008.jpg 1200w\" sizes=\"(max-width: 800px) 100vw, 800px\" \/><\/a><\/figure>\n\n\n\n<figure class=\"wp-block-image size-large\"><a href=\"https:\/\/plicplac.com\/minimizando\/frases\/attachment\/frase_009\/\"><img decoding=\"async\" loading=\"lazy\" width=\"800\" height=\"800\" data-id=\"174\"  src=\"https:\/\/plicplac.com\/minimizando\/wp-content\/uploads\/2019\/12\/frase_009-800x800.jpg\" alt=\"\" class=\"wp-image-174\" srcset=\"https:\/\/plicplac.com\/minimizando\/wp-content\/uploads\/2019\/12\/frase_009-800x800.jpg 800w, https:\/\/plicplac.com\/minimizando\/wp-content\/uploads\/2019\/12\/frase_009-768x768.jpg 768w, https:\/\/plicplac.com\/minimizando\/wp-content\/uploads\/2019\/12\/frase_009.jpg 1200w\" sizes=\"(max-width: 800px) 100vw, 800px\" \/><\/a><\/figure>\n\n\n\n<figure class=\"wp-block-image size-large\"><a href=\"https:\/\/plicplac.com\/minimizando\/frases\/attachment\/frase_010\/\"><img decoding=\"async\" loading=\"lazy\" width=\"800\" height=\"800\" data-id=\"175\"  src=\"https:\/\/plicplac.com\/minimizando\/wp-content\/uploads\/2019\/12\/frase_010-800x800.png\" alt=\"\" class=\"wp-image-175\" srcset=\"https:\/\/plicplac.com\/minimizando\/wp-content\/uploads\/2019\/12\/frase_010-800x800.png 800w, https:\/\/plicplac.com\/minimizando\/wp-content\/uploads\/2019\/12\/frase_010-768x768.png 768w, https:\/\/plicplac.com\/minimizando\/wp-content\/uploads\/2019\/12\/frase_010.png 1200w\" sizes=\"(max-width: 800px) 100vw, 800px\" \/><\/a><\/figure>\n<\/figure>\n","protected":false},"excerpt":{"rendered":"<p>Seguem algumas imagens com frases para voc\u00ea compartilhar em suas redes sociais (n\u00e3o esque\u00e7a de marcar o @euminimizo).S\u00f3 passar o mouse na imagem desejada e selecionar a op\u00e7\u00e3o de salvar como.<\/p>\n","protected":false},"author":1,"featured_media":0,"parent":0,"menu_order":0,"comment_status":"closed","ping_status":"closed","template":"","meta":[],"yoast_head":"<!-- This site is optimized with the Yoast SEO plugin v20.12 - https:\/\/yoast.com\/wordpress\/plugins\/seo\/ -->\n<title>Frases para Compartilhar - Minimizando<\/title>\n<meta name=\"robots\" content=\"index, follow, max-snippet:-1, max-image-preview:large, max-video-preview:-1\" \/>\n<link rel=\"canonical\" href=\"https:\/\/plicplac.com\/minimizando\/frases\/\" \/>\n<meta property=\"og:locale\" content=\"pt_BR\" \/>\n<meta property=\"og:type\" content=\"article\" \/>\n<meta property=\"og:title\" content=\"Frases para Compartilhar - Minimizando\" \/>\n<meta property=\"og:description\" content=\"Seguem algumas imagens com frases para voc\u00ea compartilhar em suas redes sociais (n\u00e3o esque\u00e7a de marcar o @euminimizo).S\u00f3 passar o mouse na imagem desejada e selecionar a op\u00e7\u00e3o de salvar como.\" \/>\n<meta property=\"og:url\" content=\"https:\/\/plicplac.com\/minimizando\/frases\/\" \/>\n<meta property=\"og:site_name\" content=\"Minimizando\" \/>\n<meta property=\"article:modified_time\" content=\"2023-07-27T20:06:32+00:00\" \/>\n<meta property=\"og:image\" content=\"https:\/\/plicplac.com\/minimizando\/wp-content\/uploads\/2023\/07\/frase_001-800x800.jpg\" \/>\n<meta name=\"twitter:card\" content=\"summary_large_image\" \/>\n<meta name=\"twitter:label1\" content=\"Est. tempo de leitura\" \/>\n\t<meta name=\"twitter:data1\" content=\"3 minutos\" \/>\n<script type=\"application\/ld+json\" class=\"yoast-schema-graph\">{\"@context\":\"https:\/\/schema.org\",\"@graph\":[{\"@type\":\"WebPage\",\"@id\":\"https:\/\/plicplac.com\/minimizando\/frases\/\",\"url\":\"https:\/\/plicplac.com\/minimizando\/frases\/\",\"name\":\"Frases para Compartilhar - Minimizando\",\"isPartOf\":{\"@id\":\"https:\/\/plicplac.com\/minimizando\/#website\"},\"datePublished\":\"2019-12-29T20:31:40+00:00\",\"dateModified\":\"2023-07-27T20:06:32+00:00\",\"breadcrumb\":{\"@id\":\"https:\/\/plicplac.com\/minimizando\/frases\/#breadcrumb\"},\"inLanguage\":\"pt-BR\",\"potentialAction\":[{\"@type\":\"ReadAction\",\"target\":[\"https:\/\/plicplac.com\/minimizando\/frases\/\"]}]},{\"@type\":\"BreadcrumbList\",\"@id\":\"https:\/\/plicplac.com\/minimizando\/frases\/#breadcrumb\",\"itemListElement\":[{\"@type\":\"ListItem\",\"position\":1,\"name\":\"In\u00edcio\",\"item\":\"https:\/\/plicplac.com\/minimizando\/\"},{\"@type\":\"ListItem\",\"position\":2,\"name\":\"Frases para Compartilhar\"}]},{\"@type\":\"WebSite\",\"@id\":\"https:\/\/plicplac.com\/minimizando\/#website\",\"url\":\"https:\/\/plicplac.com\/minimizando\/\",\"name\":\"Minimizando\",\"description\":\"\",\"publisher\":{\"@id\":\"https:\/\/plicplac.com\/minimizando\/#\/schema\/person\/49afaba77f057a7b6f6ed386f478e1b2\"},\"potentialAction\":[{\"@type\":\"SearchAction\",\"target\":{\"@type\":\"EntryPoint\",\"urlTemplate\":\"https:\/\/plicplac.com\/minimizando\/?s={search_term_string}\"},\"query-input\":\"required name=search_term_string\"}],\"inLanguage\":\"pt-BR\"},{\"@type\":[\"Person\",\"Organization\"],\"@id\":\"https:\/\/plicplac.com\/minimizando\/#\/schema\/person\/49afaba77f057a7b6f6ed386f478e1b2\",\"name\":\"Mari Assmann\",\"image\":{\"@type\":\"ImageObject\",\"inLanguage\":\"pt-BR\",\"@id\":\"https:\/\/plicplac.com\/minimizando\/#\/schema\/person\/image\/\",\"url\":\"https:\/\/plicplac.com\/minimizando\/wp-content\/uploads\/2020\/01\/mari_assmann.jpg\",\"contentUrl\":\"https:\/\/plicplac.com\/minimizando\/wp-content\/uploads\/2020\/01\/mari_assmann.jpg\",\"width\":666,\"height\":989,\"caption\":\"Mari Assmann\"},\"logo\":{\"@id\":\"https:\/\/plicplac.com\/minimizando\/#\/schema\/person\/image\/\"},\"sameAs\":[\"https:\/\/www.minimizando.com.br\/\"]}]}<\/script>\n<!-- \/ Yoast SEO plugin. -->","yoast_head_json":{"title":"Frases para Compartilhar - Minimizando","robots":{"index":"index","follow":"follow","max-snippet":"max-snippet:-1","max-image-preview":"max-image-preview:large","max-video-preview":"max-video-preview:-1"},"canonical":"https:\/\/plicplac.com\/minimizando\/frases\/","og_locale":"pt_BR","og_type":"article","og_title":"Frases para Compartilhar - Minimizando","og_description":"Seguem algumas imagens com frases para voc\u00ea compartilhar em suas redes sociais (n\u00e3o esque\u00e7a de marcar o @euminimizo).S\u00f3 passar o mouse na imagem desejada e selecionar a op\u00e7\u00e3o de salvar como.","og_url":"https:\/\/plicplac.com\/minimizando\/frases\/","og_site_name":"Minimizando","article_modified_time":"2023-07-27T20:06:32+00:00","og_image":[{"url":"https:\/\/plicplac.com\/minimizando\/wp-content\/uploads\/2023\/07\/frase_001-800x800.jpg"}],"twitter_card":"summary_large_image","twitter_misc":{"Est. tempo de leitura":"3 minutos"},"schema":{"@context":"https:\/\/schema.org","@graph":[{"@type":"WebPage","@id":"https:\/\/plicplac.com\/minimizando\/frases\/","url":"https:\/\/plicplac.com\/minimizando\/frases\/","name":"Frases para Compartilhar - Minimizando","isPartOf":{"@id":"https:\/\/plicplac.com\/minimizando\/#website"},"datePublished":"2019-12-29T20:31:40+00:00","dateModified":"2023-07-27T20:06:32+00:00","breadcrumb":{"@id":"https:\/\/plicplac.com\/minimizando\/frases\/#breadcrumb"},"inLanguage":"pt-BR","potentialAction":[{"@type":"ReadAction","target":["https:\/\/plicplac.com\/minimizando\/frases\/"]}]},{"@type":"BreadcrumbList","@id":"https:\/\/plicplac.com\/minimizando\/frases\/#breadcrumb","itemListElement":[{"@type":"ListItem","position":1,"name":"In\u00edcio","item":"https:\/\/plicplac.com\/minimizando\/"},{"@type":"ListItem","position":2,"name":"Frases para Compartilhar"}]},{"@type":"WebSite","@id":"https:\/\/plicplac.com\/minimizando\/#website","url":"https:\/\/plicplac.com\/minimizando\/","name":"Minimizando","description":"","publisher":{"@id":"https:\/\/plicplac.com\/minimizando\/#\/schema\/person\/49afaba77f057a7b6f6ed386f478e1b2"},"potentialAction":[{"@type":"SearchAction","target":{"@type":"EntryPoint","urlTemplate":"https:\/\/plicplac.com\/minimizando\/?s={search_term_string}"},"query-input":"required name=search_term_string"}],"inLanguage":"pt-BR"},{"@type":["Person","Organization"],"@id":"https:\/\/plicplac.com\/minimizando\/#\/schema\/person\/49afaba77f057a7b6f6ed386f478e1b2","name":"Mari Assmann","image":{"@type":"ImageObject","inLanguage":"pt-BR","@id":"https:\/\/plicplac.com\/minimizando\/#\/schema\/person\/image\/","url":"https:\/\/plicplac.com\/minimizando\/wp-content\/uploads\/2020\/01\/mari_assmann.jpg","contentUrl":"https:\/\/plicplac.com\/minimizando\/wp-content\/uploads\/2020\/01\/mari_assmann.jpg","width":666,"height":989,"caption":"Mari Assmann"},"logo":{"@id":"https:\/\/plicplac.com\/minimizando\/#\/schema\/person\/image\/"},"sameAs":["https:\/\/www.minimizando.com.br\/"]}]}},"_links":{"self":[{"href":"https:\/\/plicplac.com\/minimizando\/wp-json\/wp\/v2\/pages\/159"}],"collection":[{"href":"https:\/\/plicplac.com\/minimizando\/wp-json\/wp\/v2\/pages"}],"about":[{"href":"https:\/\/plicplac.com\/minimizando\/wp-json\/wp\/v2\/types\/page"}],"author":[{"embeddable":true,"href":"https:\/\/plicplac.com\/minimizando\/wp-json\/wp\/v2\/users\/1"}],"replies":[{"embeddable":true,"href":"https:\/\/plicplac.com\/minimizando\/wp-json\/wp\/v2\/comments?post=159"}],"version-history":[{"count":4,"href":"https:\/\/plicplac.com\/minimizando\/wp-json\/wp\/v2\/pages\/159\/revisions"}],"predecessor-version":[{"id":476,"href":"https:\/\/plicplac.com\/minimizando\/wp-json\/wp\/v2\/pages\/159\/revisions\/476"}],"wp:attachment":[{"href":"https:\/\/plicplac.com\/minimizando\/wp-json\/wp\/v2\/media?parent=159"}],"curies":[{"name":"wp","href":"https:\/\/api.w.org\/{rel}","templated":true}]}}