{"id":2,"date":"2017-07-30T12:07:31","date_gmt":"2017-07-30T15:07:31","guid":{"rendered":"https:\/\/https:\/\/plicplac.com\/minimizando\/\/?page_id=2"},"modified":"2023-07-27T16:07:56","modified_gmt":"2023-07-27T19:07:56","slug":"sobre","status":"publish","type":"page","link":"https:\/\/plicplac.com\/minimizando\/sobre\/","title":{"rendered":"Sobre"},"content":{"rendered":"\n<p><em>Oie, eu sou a Mari.<\/em><br><strong>Obrigada para ter vindo at\u00e9 essa p\u00e1gina para saber mais sobre o Minimizando! \ud83d\ude42<\/strong><\/p>\n\n\n\n<p>Como costumo transformar todos os meus hobbies em obsess\u00f5es: j\u00e1 fui obcecada pelo movimento <a href=\"https:\/\/plicplac.com\/minimizando\/categoria\/lixo-zero\/\" target=\"_blank\" rel=\"noreferrer noopener\">Lixo Zero<\/a> ao ponto de n\u00e3o produzir nenhum lixo e de fazer todos os cursos dispon\u00edveis sobre o assunto <em>(e isso incluiu uma faculdade de Gest\u00e3o Ambiental<\/em>). E durante esses anos percebi que um estilo de vida sem lixo n\u00e3o leva em considera\u00e7\u00e3o a sa\u00fade mental. <\/p>\n\n\n\n<p>Hoje sigo fazendo o meu melhor&#8230; Ou o melhor que posso fazer naquele momento. E realmente acredito que se todo mundo fazer o que est\u00e1 ao seu alcance, j\u00e1 podemos melhorar o nosso mundo um pouquinho!<\/p>\n\n\n<div class=\"wp-block-image\">\n<figure class=\"aligncenter size-full\"><img decoding=\"async\" loading=\"lazy\" width=\"1241\" height=\"1241\" src=\"https:\/\/plicplac.com\/minimizando\/wp-content\/uploads\/2023\/07\/feira.jpg\" alt=\"\" class=\"wp-image-460\" srcset=\"https:\/\/plicplac.com\/minimizando\/wp-content\/uploads\/2023\/07\/feira.jpg 1241w, https:\/\/plicplac.com\/minimizando\/wp-content\/uploads\/2023\/07\/feira-800x800.jpg 800w, https:\/\/plicplac.com\/minimizando\/wp-content\/uploads\/2023\/07\/feira-768x768.jpg 768w, https:\/\/plicplac.com\/minimizando\/wp-content\/uploads\/2023\/07\/feira-120x120.jpg 120w\" sizes=\"(max-width: 1241px) 100vw, 1241px\" \/><\/figure><\/div>\n\n\n<p><strong>Sou apaixonada por feiras org\u00e2nicas.<\/strong> A minha preferida \u00e9 a feira do Parque da Reden\u00e7\u00e3o nos s\u00e1bados pela manh\u00e3 em Porto Alegre. Talvez voc\u00ea me encontre por l\u00e1 &#8211; isso se eu n\u00e3o estiver com pregui\u00e7a de ir <em>(acontece com frequ\u00eancia)<\/em>.<\/p>\n\n\n\n<p>Tamb\u00e9m estou sempre procurando por produtos veganos e naturais &#8211; adoro encontrar novidades! A ordem de prefer\u00eancia \u00e9 sempre: vegano >> natural >> org\u00e2nico. Na medida do poss\u00edvel, claro.<\/p>\n\n\n\n<p>Levo a s\u00e9rio a frase: <strong>menos \u00e9 mais<\/strong>! Sempre busco por produtos melhores e que v\u00e3o durar bastante tempo. Gosto de empresas pequenas, de comprar local e de incentivar as marcas de quem conhe\u00e7o.<\/p>\n\n\n\n<p>J\u00e1 o Minimizando \u00e9 sobre minimizar o nosso impacto no planeta. Fazendo um pouco a cada dia. O que d\u00e1. \u00c9 sobre questionar o que fazemos como padr\u00e3o. \u00c9 sobre tentarmos encontrar uma vida que vale a pena ser vivida, levando em considera\u00e7\u00e3o a natureza.<\/p>\n\n\n\n<p>\u00c9 sobre tentar fazer escolhas melhores. <em>Vamos juntos?<\/em><\/p>\n\n\n\n<div class=\"assinatura\">Mari Assmann<\/div>\n","protected":false},"excerpt":{"rendered":"<p>Oie, eu sou a Mari.Obrigada para ter vindo at\u00e9 essa p\u00e1gina para saber mais sobre o Minimizando! \ud83d\ude42 Como costumo transformar todos os meus hobbies em obsess\u00f5es: j\u00e1 fui obcecada pelo movimento Lixo Zero ao ponto de n\u00e3o produzir nenhum lixo e de fazer todos os cursos dispon\u00edveis sobre o assunto (e isso incluiu uma [&hellip;]<\/p>\n","protected":false},"author":1,"featured_media":271,"parent":0,"menu_order":0,"comment_status":"closed","ping_status":"open","template":"","meta":[],"yoast_head":"<!-- This site is optimized with the Yoast SEO plugin v20.12 - https:\/\/yoast.com\/wordpress\/plugins\/seo\/ -->\n<title>Sobre - Minimizando<\/title>\n<meta name=\"robots\" content=\"index, follow, max-snippet:-1, max-image-preview:large, max-video-preview:-1\" \/>\n<link rel=\"canonical\" href=\"https:\/\/plicplac.com\/minimizando\/sobre\/\" \/>\n<meta property=\"og:locale\" content=\"pt_BR\" \/>\n<meta property=\"og:type\" content=\"article\" \/>\n<meta property=\"og:title\" content=\"Sobre - Minimizando\" \/>\n<meta property=\"og:description\" content=\"Oie, eu sou a Mari.Obrigada para ter vindo at\u00e9 essa p\u00e1gina para saber mais sobre o Minimizando! \ud83d\ude42 Como costumo transformar todos os meus hobbies em obsess\u00f5es: j\u00e1 fui obcecada pelo movimento Lixo Zero ao ponto de n\u00e3o produzir nenhum lixo e de fazer todos os cursos dispon\u00edveis sobre o assunto (e isso incluiu uma [&hellip;]\" \/>\n<meta property=\"og:url\" content=\"https:\/\/plicplac.com\/minimizando\/sobre\/\" \/>\n<meta property=\"og:site_name\" content=\"Minimizando\" \/>\n<meta property=\"article:modified_time\" content=\"2023-07-27T19:07:56+00:00\" \/>\n<meta property=\"og:image\" content=\"https:\/\/plicplac.com\/minimizando\/wp-content\/uploads\/2020\/01\/mari_assmann.jpg\" \/>\n\t<meta property=\"og:image:width\" content=\"666\" \/>\n\t<meta property=\"og:image:height\" content=\"989\" \/>\n\t<meta property=\"og:image:type\" content=\"image\/jpeg\" \/>\n<meta name=\"twitter:card\" content=\"summary_large_image\" \/>\n<meta name=\"twitter:label1\" content=\"Est. tempo de leitura\" \/>\n\t<meta name=\"twitter:data1\" content=\"2 minutos\" \/>\n<script type=\"application\/ld+json\" class=\"yoast-schema-graph\">{\"@context\":\"https:\/\/schema.org\",\"@graph\":[{\"@type\":\"WebPage\",\"@id\":\"https:\/\/plicplac.com\/minimizando\/sobre\/\",\"url\":\"https:\/\/plicplac.com\/minimizando\/sobre\/\",\"name\":\"Sobre - Minimizando\",\"isPartOf\":{\"@id\":\"https:\/\/plicplac.com\/minimizando\/#website\"},\"datePublished\":\"2017-07-30T15:07:31+00:00\",\"dateModified\":\"2023-07-27T19:07:56+00:00\",\"breadcrumb\":{\"@id\":\"https:\/\/plicplac.com\/minimizando\/sobre\/#breadcrumb\"},\"inLanguage\":\"pt-BR\",\"potentialAction\":[{\"@type\":\"ReadAction\",\"target\":[\"https:\/\/plicplac.com\/minimizando\/sobre\/\"]}]},{\"@type\":\"BreadcrumbList\",\"@id\":\"https:\/\/plicplac.com\/minimizando\/sobre\/#breadcrumb\",\"itemListElement\":[{\"@type\":\"ListItem\",\"position\":1,\"name\":\"In\u00edcio\",\"item\":\"https:\/\/plicplac.com\/minimizando\/\"},{\"@type\":\"ListItem\",\"position\":2,\"name\":\"Sobre\"}]},{\"@type\":\"WebSite\",\"@id\":\"https:\/\/plicplac.com\/minimizando\/#website\",\"url\":\"https:\/\/plicplac.com\/minimizando\/\",\"name\":\"Minimizando\",\"description\":\"\",\"publisher\":{\"@id\":\"https:\/\/plicplac.com\/minimizando\/#\/schema\/person\/49afaba77f057a7b6f6ed386f478e1b2\"},\"potentialAction\":[{\"@type\":\"SearchAction\",\"target\":{\"@type\":\"EntryPoint\",\"urlTemplate\":\"https:\/\/plicplac.com\/minimizando\/?s={search_term_string}\"},\"query-input\":\"required name=search_term_string\"}],\"inLanguage\":\"pt-BR\"},{\"@type\":[\"Person\",\"Organization\"],\"@id\":\"https:\/\/plicplac.com\/minimizando\/#\/schema\/person\/49afaba77f057a7b6f6ed386f478e1b2\",\"name\":\"Mari Assmann\",\"image\":{\"@type\":\"ImageObject\",\"inLanguage\":\"pt-BR\",\"@id\":\"https:\/\/plicplac.com\/minimizando\/#\/schema\/person\/image\/\",\"url\":\"https:\/\/plicplac.com\/minimizando\/wp-content\/uploads\/2020\/01\/mari_assmann.jpg\",\"contentUrl\":\"https:\/\/plicplac.com\/minimizando\/wp-content\/uploads\/2020\/01\/mari_assmann.jpg\",\"width\":666,\"height\":989,\"caption\":\"Mari Assmann\"},\"logo\":{\"@id\":\"https:\/\/plicplac.com\/minimizando\/#\/schema\/person\/image\/\"},\"sameAs\":[\"https:\/\/www.minimizando.com.br\/\"]}]}<\/script>\n<!-- \/ Yoast SEO plugin. -->","yoast_head_json":{"title":"Sobre - Minimizando","robots":{"index":"index","follow":"follow","max-snippet":"max-snippet:-1","max-image-preview":"max-image-preview:large","max-video-preview":"max-video-preview:-1"},"canonical":"https:\/\/plicplac.com\/minimizando\/sobre\/","og_locale":"pt_BR","og_type":"article","og_title":"Sobre - Minimizando","og_description":"Oie, eu sou a Mari.Obrigada para ter vindo at\u00e9 essa p\u00e1gina para saber mais sobre o Minimizando! \ud83d\ude42 Como costumo transformar todos os meus hobbies em obsess\u00f5es: j\u00e1 fui obcecada pelo movimento Lixo Zero ao ponto de n\u00e3o produzir nenhum lixo e de fazer todos os cursos dispon\u00edveis sobre o assunto (e isso incluiu uma [&hellip;]","og_url":"https:\/\/plicplac.com\/minimizando\/sobre\/","og_site_name":"Minimizando","article_modified_time":"2023-07-27T19:07:56+00:00","og_image":[{"width":666,"height":989,"url":"https:\/\/plicplac.com\/minimizando\/wp-content\/uploads\/2020\/01\/mari_assmann.jpg","type":"image\/jpeg"}],"twitter_card":"summary_large_image","twitter_misc":{"Est. tempo de leitura":"2 minutos"},"schema":{"@context":"https:\/\/schema.org","@graph":[{"@type":"WebPage","@id":"https:\/\/plicplac.com\/minimizando\/sobre\/","url":"https:\/\/plicplac.com\/minimizando\/sobre\/","name":"Sobre - Minimizando","isPartOf":{"@id":"https:\/\/plicplac.com\/minimizando\/#website"},"datePublished":"2017-07-30T15:07:31+00:00","dateModified":"2023-07-27T19:07:56+00:00","breadcrumb":{"@id":"https:\/\/plicplac.com\/minimizando\/sobre\/#breadcrumb"},"inLanguage":"pt-BR","potentialAction":[{"@type":"ReadAction","target":["https:\/\/plicplac.com\/minimizando\/sobre\/"]}]},{"@type":"BreadcrumbList","@id":"https:\/\/plicplac.com\/minimizando\/sobre\/#breadcrumb","itemListElement":[{"@type":"ListItem","position":1,"name":"In\u00edcio","item":"https:\/\/plicplac.com\/minimizando\/"},{"@type":"ListItem","position":2,"name":"Sobre"}]},{"@type":"WebSite","@id":"https:\/\/plicplac.com\/minimizando\/#website","url":"https:\/\/plicplac.com\/minimizando\/","name":"Minimizando","description":"","publisher":{"@id":"https:\/\/plicplac.com\/minimizando\/#\/schema\/person\/49afaba77f057a7b6f6ed386f478e1b2"},"potentialAction":[{"@type":"SearchAction","target":{"@type":"EntryPoint","urlTemplate":"https:\/\/plicplac.com\/minimizando\/?s={search_term_string}"},"query-input":"required name=search_term_string"}],"inLanguage":"pt-BR"},{"@type":["Person","Organization"],"@id":"https:\/\/plicplac.com\/minimizando\/#\/schema\/person\/49afaba77f057a7b6f6ed386f478e1b2","name":"Mari Assmann","image":{"@type":"ImageObject","inLanguage":"pt-BR","@id":"https:\/\/plicplac.com\/minimizando\/#\/schema\/person\/image\/","url":"https:\/\/plicplac.com\/minimizando\/wp-content\/uploads\/2020\/01\/mari_assmann.jpg","contentUrl":"https:\/\/plicplac.com\/minimizando\/wp-content\/uploads\/2020\/01\/mari_assmann.jpg","width":666,"height":989,"caption":"Mari Assmann"},"logo":{"@id":"https:\/\/plicplac.com\/minimizando\/#\/schema\/person\/image\/"},"sameAs":["https:\/\/www.minimizando.com.br\/"]}]}},"_links":{"self":[{"href":"https:\/\/plicplac.com\/minimizando\/wp-json\/wp\/v2\/pages\/2"}],"collection":[{"href":"https:\/\/plicplac.com\/minimizando\/wp-json\/wp\/v2\/pages"}],"about":[{"href":"https:\/\/plicplac.com\/minimizando\/wp-json\/wp\/v2\/types\/page"}],"author":[{"embeddable":true,"href":"https:\/\/plicplac.com\/minimizando\/wp-json\/wp\/v2\/users\/1"}],"replies":[{"embeddable":true,"href":"https:\/\/plicplac.com\/minimizando\/wp-json\/wp\/v2\/comments?post=2"}],"version-history":[{"count":4,"href":"https:\/\/plicplac.com\/minimizando\/wp-json\/wp\/v2\/pages\/2\/revisions"}],"predecessor-version":[{"id":468,"href":"https:\/\/plicplac.com\/minimizando\/wp-json\/wp\/v2\/pages\/2\/revisions\/468"}],"wp:featuredmedia":[{"embeddable":true,"href":"https:\/\/plicplac.com\/minimizando\/wp-json\/wp\/v2\/media\/271"}],"wp:attachment":[{"href":"https:\/\/plicplac.com\/minimizando\/wp-json\/wp\/v2\/media?parent=2"}],"curies":[{"name":"wp","href":"https:\/\/api.w.org\/{rel}","templated":true}]}}